{"id":17,"date":"2021-10-19T13:25:32","date_gmt":"2021-10-19T13:25:32","guid":{"rendered":"https:\/\/a-faerber.net\/?page_id=17"},"modified":"2024-04-20T09:12:20","modified_gmt":"2024-04-20T09:12:20","slug":"impressum","status":"publish","type":"page","link":"https:\/\/a-faerber.net\/?page_id=17","title":{"rendered":"Impressum"},"content":{"rendered":"\t\t<div data-elementor-type=\"wp-page\" data-elementor-id=\"17\" class=\"elementor elementor-17\">\n\t\t\t\t\t\t<section class=\"elementor-section elementor-top-section elementor-element elementor-element-55b2fb0 elementor-section-boxed elementor-section-height-default elementor-section-height-default wpr-particle-no wpr-jarallax-no wpr-parallax-no wpr-sticky-section-no\" data-id=\"55b2fb0\" data-element_type=\"section\">\n\t\t\t\t\t\t<div class=\"elementor-container elementor-column-gap-default\">\n\t\t\t\t\t<div class=\"elementor-column elementor-col-100 elementor-top-column elementor-element elementor-element-0667915\" data-id=\"0667915\" data-element_type=\"column\">\n\t\t\t<div class=\"elementor-widget-wrap elementor-element-populated\">\n\t\t\t\t\t\t<div class=\"elementor-element elementor-element-03fe06a elementor-widget elementor-widget-text-editor\" data-id=\"03fe06a\" data-element_type=\"widget\" data-widget_type=\"text-editor.default\">\n\t\t\t\t<div class=\"elementor-widget-container\">\n\t\t\t<style>\/*! elementor - v3.21.0 - 25-04-2024 *\/\n.elementor-widget-text-editor.elementor-drop-cap-view-stacked .elementor-drop-cap{background-color:#69727d;color:#fff}.elementor-widget-text-editor.elementor-drop-cap-view-framed .elementor-drop-cap{color:#69727d;border:3px solid;background-color:transparent}.elementor-widget-text-editor:not(.elementor-drop-cap-view-default) .elementor-drop-cap{margin-top:8px}.elementor-widget-text-editor:not(.elementor-drop-cap-view-default) .elementor-drop-cap-letter{width:1em;height:1em}.elementor-widget-text-editor .elementor-drop-cap{float:left;text-align:center;line-height:1;font-size:50px}.elementor-widget-text-editor .elementor-drop-cap-letter{display:inline-block}<\/style>\t\t\t\t<p><strong>Impressum<\/strong><\/p><p>Angaben gem\u00e4\u00df \u00a7 5 TMG<\/p><p><strong>Alex F\u00e4rber<\/strong><br \/>Forensberger Stra\u00dfe 87<br \/>52134 Herzogenrath<\/p><p>Vertreten durch:<br \/>Alex F\u00e4rber<\/p><p><strong>Kontakt:<\/strong><br \/>Telefon: 0176 81093553<br \/>E-Mail: <a target=\"_new\">a.faerber@gmx.net<\/a><\/p><p><strong>Umsatzsteuer-ID:<\/strong><br \/>Umsatzsteuer-Identifikationsnummer gem\u00e4\u00df \u00a727a Umsatzsteuergesetz: DE81549603124<\/p><p><strong>Haftungsausschluss:<\/strong><\/p><p><strong>Haftung f\u00fcr Inhalte<\/strong><br \/>Die Inhalte unserer Seiten wurden mit gr\u00f6\u00dfter Sorgfalt erstellt. F\u00fcr die Richtigkeit, Vollst\u00e4ndigkeit und Aktualit\u00e4t der Inhalte k\u00f6nnen wir jedoch keine Gew\u00e4hr \u00fcbernehmen. Als Diensteanbieter sind wir gem\u00e4\u00df \u00a7 7 Abs.1 TMG f\u00fcr eigene Inhalte auf diesen Seiten nach den allgemeinen Gesetzen verantwortlich. Nach \u00a7\u00a7 8 bis 10 TMG sind wir als Diensteanbieter jedoch nicht verpflichtet, \u00fcbermittelte oder gespeicherte fremde Informationen zu \u00fcberwachen oder nach Umst\u00e4nden zu forschen, die auf eine rechtswidrige T\u00e4tigkeit hinweisen. Verpflichtungen zur Entfernung oder Sperrung der Nutzung von Informationen nach den allgemeinen Gesetzen bleiben hiervon unber\u00fchrt. Eine diesbez\u00fcgliche Haftung ist jedoch erst ab dem Zeitpunkt der Kenntnis einer konkreten Rechtsverletzung m\u00f6glich. Bei Bekanntwerden von entsprechenden Rechtsverletzungen werden wir diese Inhalte umgehend entfernen.<\/p><p><strong>Haftung f\u00fcr Links<\/strong><br \/>Unser Angebot enth\u00e4lt Links zu externen Webseiten Dritter, auf deren Inhalte wir keinen Einfluss haben. Deshalb k\u00f6nnen wir f\u00fcr diese fremden Inhalte auch keine Gew\u00e4hr \u00fcbernehmen. F\u00fcr die Inhalte der verlinkten Seiten ist stets der jeweilige Anbieter oder Betreiber der Seiten verantwortlich. Die verlinkten Seiten wurden zum Zeitpunkt der Verlinkung auf m\u00f6gliche Rechtsverst\u00f6\u00dfe \u00fcberpr\u00fcft. Rechtswidrige Inhalte waren zum Zeitpunkt der Verlinkung nicht erkennbar. Eine permanente inhaltliche Kontrolle der verlinkten Seiten ist jedoch ohne konkrete Anhaltspunkte einer Rechtsverletzung nicht zumutbar. Bei Bekanntwerden von Rechtsverletzungen werden wir derartige Links umgehend entfernen.<\/p><p><strong>Datenschutz<\/strong><br \/>Die Nutzung unserer Webseite ist in der Regel ohne Angabe personenbezogener Daten m\u00f6glich. Wenn personenbezogene Daten (beispielsweise Name, Anschrift oder E-Mail-Adressen) erhoben werden, erfolgt dies, soweit m\u00f6glich, stets auf freiwilliger Basis. Diese Daten werden ohne Ihre ausdr\u00fcckliche Zustimmung nicht an Dritte weitergegeben.<\/p><p><strong>Cookies und Tracking<\/strong><br \/>Diese Website verwendet Cookies, um das Benutzererlebnis zu verbessern und bestimmte Funktionen zu erm\u00f6glichen. Einzelheiten zu den von unserer Website verwendeten Cookies finden Sie in unserer <a href=\"https:\/\/chat.openai.com\/c\/2b1c666a-3a8d-49b8-806b-63081ecd9371#\" target=\"_new\">Cookie-Richtlinie<\/a>.<\/p><p>Zu den von uns eingesetzten Cookies geh\u00f6ren:<\/p><ul><li><strong>cookieyes-consent<\/strong>: Speichert Ihre Zustimmungen zur Verwendung von Cookies auf der Webseite.<\/li><li><strong>wpEmojiSettingsSupports<\/strong>: Pr\u00fcft die Emojif\u00e4higkeit Ihres Browsers f\u00fcr eine korrekte Darstellung auf unserer Webseite.<\/li><\/ul><p>Wir weisen darauf hin, dass die Daten\u00fcbertragung im Internet (z.B. bei der Kommunikation per E-Mail) Sicherheitsl\u00fccken aufweisen kann. Ein l\u00fcckenloser Schutz der Daten vor dem Zugriff durch Dritte ist nicht m\u00f6glich.<\/p><p><strong>Google Analytics<\/strong><br \/>Diese Website benutzt Google Analytics, einen Webanalysedienst der Google Inc. (\u201cGoogle\u201c). <a href=\"https:\/\/a-faerber.net\/?page_id=1022\">Weitere Informationen und die M\u00f6glichkeit, die Datenerfassung durch Google Analytics zu deaktivieren, finden Sie hier.<\/a><\/p><p><strong>Widerspruch Werbe-Mails<\/strong><br \/>Der Nutzung von im Rahmen der Impressumspflicht ver\u00f6ffentlichten Kontaktdaten durch Dritte zur \u00dcbersendung von nicht ausdr\u00fccklich angeforderter Werbung und Informationsmaterialien wird hiermit ausdr\u00fccklich widersprochen. Die Betreiber der Seiten behalten sich ausdr\u00fccklich rechtliche Schritte im Falle der unverlangten Zusendung von Werbeinformationen, etwa durch Spam-Mails, vor.<\/p>\t\t\t\t\t\t<\/div>\n\t\t\t\t<\/div>\n\t\t\t\t\t<\/div>\n\t\t<\/div>\n\t\t\t\t\t<\/div>\n\t\t<\/section>\n\t\t\t\t<\/div>\n\t\t","protected":false},"excerpt":{"rendered":"<p>Impressum Angaben gem\u00e4\u00df \u00a7 5 TMG Alex F\u00e4rberForensberger Stra\u00dfe 8752134 Herzogenrath Vertreten durch:Alex F\u00e4rber Kontakt:Telefon: 0176 81093553E-Mail: a.faerber@gmx.net Umsatzsteuer-ID:Umsatzsteuer-Identifikationsnummer gem\u00e4\u00df \u00a727a Umsatzsteuergesetz: DE81549603124 Haftungsausschluss: Haftung f\u00fcr InhalteDie Inhalte unserer Seiten wurden mit gr\u00f6\u00dfter Sorgfalt erstellt. F\u00fcr die Richtigkeit, Vollst\u00e4ndigkeit und Aktualit\u00e4t der Inhalte k\u00f6nnen wir jedoch keine Gew\u00e4hr \u00fcbernehmen. Als Diensteanbieter sind wir gem\u00e4\u00df \u00a7 [&hellip;]<\/p>\n","protected":false},"author":1,"featured_media":0,"parent":0,"menu_order":0,"comment_status":"closed","ping_status":"closed","template":"","meta":{"footnotes":""},"class_list":["post-17","page","type-page","status-publish","hentry","entry"],"yoast_head":"<!-- This site is optimized with the Yoast SEO plugin v22.5 - https:\/\/yoast.com\/wordpress\/plugins\/seo\/ -->\n<title>Impressum - Alex F\u00e4rber, 3D Design, Architecture &amp; Illustration<\/title>\n<meta name=\"robots\" content=\"index, follow, max-snippet:-1, max-image-preview:large, max-video-preview:-1\" \/>\n<link rel=\"canonical\" href=\"https:\/\/a-faerber.net\/?page_id=17\" \/>\n<meta property=\"og:locale\" content=\"de_DE\" \/>\n<meta property=\"og:type\" content=\"article\" \/>\n<meta property=\"og:title\" content=\"Impressum - Alex F\u00e4rber, 3D Design, Architecture &amp; Illustration\" \/>\n<meta property=\"og:description\" content=\"Impressum Angaben gem\u00e4\u00df \u00a7 5 TMG Alex F\u00e4rberForensberger Stra\u00dfe 8752134 Herzogenrath Vertreten durch:Alex F\u00e4rber Kontakt:Telefon: 0176 81093553E-Mail: a.faerber@gmx.net Umsatzsteuer-ID:Umsatzsteuer-Identifikationsnummer gem\u00e4\u00df \u00a727a Umsatzsteuergesetz: DE81549603124 Haftungsausschluss: Haftung f\u00fcr InhalteDie Inhalte unserer Seiten wurden mit gr\u00f6\u00dfter Sorgfalt erstellt. F\u00fcr die Richtigkeit, Vollst\u00e4ndigkeit und Aktualit\u00e4t der Inhalte k\u00f6nnen wir jedoch keine Gew\u00e4hr \u00fcbernehmen. Als Diensteanbieter sind wir gem\u00e4\u00df \u00a7 [&hellip;]\" \/>\n<meta property=\"og:url\" content=\"https:\/\/a-faerber.net\/?page_id=17\" \/>\n<meta property=\"og:site_name\" content=\"Alex F\u00e4rber, 3D Design, Architecture &amp; Illustration\" \/>\n<meta property=\"article:modified_time\" content=\"2024-04-20T09:12:20+00:00\" \/>\n<meta name=\"twitter:card\" content=\"summary_large_image\" \/>\n<meta name=\"twitter:label1\" content=\"Gesch\u00e4tzte Lesezeit\" \/>\n\t<meta name=\"twitter:data1\" content=\"3\u00a0Minuten\" \/>\n<script type=\"application\/ld+json\" class=\"yoast-schema-graph\">{\"@context\":\"https:\/\/schema.org\",\"@graph\":[{\"@type\":\"WebPage\",\"@id\":\"https:\/\/a-faerber.net\/?page_id=17\",\"url\":\"https:\/\/a-faerber.net\/?page_id=17\",\"name\":\"Impressum - Alex F\u00e4rber, 3D Design, Architecture &amp; Illustration\",\"isPartOf\":{\"@id\":\"https:\/\/a-faerber.net\/#website\"},\"datePublished\":\"2021-10-19T13:25:32+00:00\",\"dateModified\":\"2024-04-20T09:12:20+00:00\",\"breadcrumb\":{\"@id\":\"https:\/\/a-faerber.net\/?page_id=17#breadcrumb\"},\"inLanguage\":\"de\",\"potentialAction\":[{\"@type\":\"ReadAction\",\"target\":[\"https:\/\/a-faerber.net\/?page_id=17\"]}]},{\"@type\":\"BreadcrumbList\",\"@id\":\"https:\/\/a-faerber.net\/?page_id=17#breadcrumb\",\"itemListElement\":[{\"@type\":\"ListItem\",\"position\":1,\"name\":\"Startseite\",\"item\":\"https:\/\/a-faerber.net\/\"},{\"@type\":\"ListItem\",\"position\":2,\"name\":\"Impressum\"}]},{\"@type\":\"WebSite\",\"@id\":\"https:\/\/a-faerber.net\/#website\",\"url\":\"https:\/\/a-faerber.net\/\",\"name\":\"Alex F\u00e4rber, 3D Design, Architecture & Illustration\",\"description\":\"Website von Alex F\u00e4rber\",\"publisher\":{\"@id\":\"https:\/\/a-faerber.net\/#organization\"},\"potentialAction\":[{\"@type\":\"SearchAction\",\"target\":{\"@type\":\"EntryPoint\",\"urlTemplate\":\"https:\/\/a-faerber.net\/?s={search_term_string}\"},\"query-input\":\"required name=search_term_string\"}],\"inLanguage\":\"de\"},{\"@type\":\"Organization\",\"@id\":\"https:\/\/a-faerber.net\/#organization\",\"name\":\"3D Design, Architecture & Illustration\",\"url\":\"https:\/\/a-faerber.net\/\",\"logo\":{\"@type\":\"ImageObject\",\"inLanguage\":\"de\",\"@id\":\"https:\/\/a-faerber.net\/#\/schema\/logo\/image\/\",\"url\":\"https:\/\/a-faerber.net\/wp-content\/uploads\/2024\/01\/2024_01_20_Logo-2.png\",\"contentUrl\":\"https:\/\/a-faerber.net\/wp-content\/uploads\/2024\/01\/2024_01_20_Logo-2.png\",\"width\":1080,\"height\":1080,\"caption\":\"3D Design, Architecture & Illustration\"},\"image\":{\"@id\":\"https:\/\/a-faerber.net\/#\/schema\/logo\/image\/\"}}]}<\/script>\n<!-- \/ Yoast SEO plugin. -->","yoast_head_json":{"title":"Impressum - Alex F\u00e4rber, 3D Design, Architecture &amp; Illustration","robots":{"index":"index","follow":"follow","max-snippet":"max-snippet:-1","max-image-preview":"max-image-preview:large","max-video-preview":"max-video-preview:-1"},"canonical":"https:\/\/a-faerber.net\/?page_id=17","og_locale":"de_DE","og_type":"article","og_title":"Impressum - Alex F\u00e4rber, 3D Design, Architecture &amp; Illustration","og_description":"Impressum Angaben gem\u00e4\u00df \u00a7 5 TMG Alex F\u00e4rberForensberger Stra\u00dfe 8752134 Herzogenrath Vertreten durch:Alex F\u00e4rber Kontakt:Telefon: 0176 81093553E-Mail: a.faerber@gmx.net Umsatzsteuer-ID:Umsatzsteuer-Identifikationsnummer gem\u00e4\u00df \u00a727a Umsatzsteuergesetz: DE81549603124 Haftungsausschluss: Haftung f\u00fcr InhalteDie Inhalte unserer Seiten wurden mit gr\u00f6\u00dfter Sorgfalt erstellt. F\u00fcr die Richtigkeit, Vollst\u00e4ndigkeit und Aktualit\u00e4t der Inhalte k\u00f6nnen wir jedoch keine Gew\u00e4hr \u00fcbernehmen. Als Diensteanbieter sind wir gem\u00e4\u00df \u00a7 [&hellip;]","og_url":"https:\/\/a-faerber.net\/?page_id=17","og_site_name":"Alex F\u00e4rber, 3D Design, Architecture &amp; Illustration","article_modified_time":"2024-04-20T09:12:20+00:00","twitter_card":"summary_large_image","twitter_misc":{"Gesch\u00e4tzte Lesezeit":"3\u00a0Minuten"},"schema":{"@context":"https:\/\/schema.org","@graph":[{"@type":"WebPage","@id":"https:\/\/a-faerber.net\/?page_id=17","url":"https:\/\/a-faerber.net\/?page_id=17","name":"Impressum - Alex F\u00e4rber, 3D Design, Architecture &amp; Illustration","isPartOf":{"@id":"https:\/\/a-faerber.net\/#website"},"datePublished":"2021-10-19T13:25:32+00:00","dateModified":"2024-04-20T09:12:20+00:00","breadcrumb":{"@id":"https:\/\/a-faerber.net\/?page_id=17#breadcrumb"},"inLanguage":"de","potentialAction":[{"@type":"ReadAction","target":["https:\/\/a-faerber.net\/?page_id=17"]}]},{"@type":"BreadcrumbList","@id":"https:\/\/a-faerber.net\/?page_id=17#breadcrumb","itemListElement":[{"@type":"ListItem","position":1,"name":"Startseite","item":"https:\/\/a-faerber.net\/"},{"@type":"ListItem","position":2,"name":"Impressum"}]},{"@type":"WebSite","@id":"https:\/\/a-faerber.net\/#website","url":"https:\/\/a-faerber.net\/","name":"Alex F\u00e4rber, 3D Design, Architecture & Illustration","description":"Website von Alex F\u00e4rber","publisher":{"@id":"https:\/\/a-faerber.net\/#organization"},"potentialAction":[{"@type":"SearchAction","target":{"@type":"EntryPoint","urlTemplate":"https:\/\/a-faerber.net\/?s={search_term_string}"},"query-input":"required name=search_term_string"}],"inLanguage":"de"},{"@type":"Organization","@id":"https:\/\/a-faerber.net\/#organization","name":"3D Design, Architecture & Illustration","url":"https:\/\/a-faerber.net\/","logo":{"@type":"ImageObject","inLanguage":"de","@id":"https:\/\/a-faerber.net\/#\/schema\/logo\/image\/","url":"https:\/\/a-faerber.net\/wp-content\/uploads\/2024\/01\/2024_01_20_Logo-2.png","contentUrl":"https:\/\/a-faerber.net\/wp-content\/uploads\/2024\/01\/2024_01_20_Logo-2.png","width":1080,"height":1080,"caption":"3D Design, Architecture & Illustration"},"image":{"@id":"https:\/\/a-faerber.net\/#\/schema\/logo\/image\/"}}]}},"featured_media_urls":[],"_links":{"self":[{"href":"https:\/\/a-faerber.net\/index.php?rest_route=\/wp\/v2\/pages\/17","targetHints":{"allow":["GET"]}}],"collection":[{"href":"https:\/\/a-faerber.net\/index.php?rest_route=\/wp\/v2\/pages"}],"about":[{"href":"https:\/\/a-faerber.net\/index.php?rest_route=\/wp\/v2\/types\/page"}],"author":[{"embeddable":true,"href":"https:\/\/a-faerber.net\/index.php?rest_route=\/wp\/v2\/users\/1"}],"replies":[{"embeddable":true,"href":"https:\/\/a-faerber.net\/index.php?rest_route=%2Fwp%2Fv2%2Fcomments&post=17"}],"version-history":[{"count":19,"href":"https:\/\/a-faerber.net\/index.php?rest_route=\/wp\/v2\/pages\/17\/revisions"}],"predecessor-version":[{"id":1035,"href":"https:\/\/a-faerber.net\/index.php?rest_route=\/wp\/v2\/pages\/17\/revisions\/1035"}],"wp:attachment":[{"href":"https:\/\/a-faerber.net\/index.php?rest_route=%2Fwp%2Fv2%2Fmedia&parent=17"}],"curies":[{"name":"wp","href":"https:\/\/api.w.org\/{rel}","templated":true}]}}